{"id":50838,"date":"2020-07-07T21:01:52","date_gmt":"2020-07-07T21:01:52","guid":{"rendered":"https:\/\/www.forselec.es\/?page_id=50838"},"modified":"2023-08-09T10:06:49","modified_gmt":"2023-08-09T08:06:49","slug":"inicio","status":"publish","type":"page","link":"https:\/\/www.forselec.es\/","title":{"rendered":"Inicio"},"content":{"rendered":"<p>[vc_row row_type=\u00bbrow\u00bb use_row_as_full_screen_section=\u00bbno\u00bb type=\u00bbgrid\u00bb anchor=\u00bbinicio\u00bb oblique_section=\u00bbno\u00bb text_align=\u00bbcenter\u00bb triangle_shape=\u00bbno\u00bb padding_top=\u00bb73&#8243; css_animation=\u00bb\u00bb box_shadow_on_row=\u00bbno\u00bb][vc_column][vc_column_text]<\/p>\n<h2 style=\"text-align: center;\">Forselec: Talento para innovar<\/h2>\n<p>[\/vc_column_text][vc_separator type=\u00bbsmall\u00bb position=\u00bbcenter\u00bb border_style=\u00bbdotted\u00bb up=\u00bb24&#8243;][vc_column_text]<\/p>\n<p style=\"text-align: justify;\">La competitividad de las empresas del futuro vendr\u00e1 por la capacidad de disponer de talento para llevar a cabo el proyecto empresarial dise\u00f1ado. Talento e innovaci\u00f3n van de la mano en un mundo donde el futuro de las organizaciones estar\u00e1 \u00edntimamente ligado a la capacidad de atraer y retener a las personas en torno a una empresa.<\/p>\n<p>&nbsp;<\/p>\n<p style=\"text-align: justify;\">La captaci\u00f3n de talento es m\u00e1s un proceso que no \u00fanicamente una propuesta laboral. Identificar correctamente las necesidades de las empresas y el perfil adecuado a cubrir, hacer nuestra la filosof\u00eda y estrategia de la compa\u00f1\u00eda con aquellos detalles necesarios para que el candidato contratado posea la aptitud y la actitud necesaria para lograr que la aportaci\u00f3n de valor mutua sea la id\u00f3nea.<\/p>\n<p>[\/vc_column_text][\/vc_column][\/vc_row][vc_row row_type=\u00bbrow\u00bb use_row_as_full_screen_section=\u00bbno\u00bb type=\u00bbgrid\u00bb anchor=\u00bbempleos\u00bb oblique_section=\u00bbno\u00bb text_align=\u00bbcenter\u00bb triangle_shape=\u00bbno\u00bb padding_top=\u00bb73&#8243; css_animation=\u00bb\u00bb box_shadow_on_row=\u00bbno\u00bb][vc_column][vc_column_text]<\/p>\n<h2 style=\"text-align: center;\">Ofertas de empleo<\/h2>\n<p>[\/vc_column_text][vc_separator type=\u00bbsmall\u00bb position=\u00bbcenter\u00bb border_style=\u00bbdotted\u00bb up=\u00bb24&#8243;][vc_column_text]Consulta las \u00faltimas ofertas de empleo que hemos publicado para ti.<br \/>\n\u00a1Actualizamos nuestra base de datos constantemente![\/vc_column_text][vc_separator type=\u00bbtransparent\u00bb up=\u00bb24&#8243;][\/vc_column][\/vc_row][vc_row row_type=\u00bbrow\u00bb use_row_as_full_screen_section=\u00bbno\u00bb type=\u00bbgrid\u00bb oblique_section=\u00bbno\u00bb text_align=\u00bbleft\u00bb triangle_shape=\u00bbno\u00bb padding_bottom=\u00bb24&#8243; css_animation=\u00bb\u00bb box_shadow_on_row=\u00bbno\u00bb][vc_column css=\u00bb.vc_custom_1602075274576{border-top-width: 1px !important;border-right-width: 1px !important;border-bottom-width: 1px !important;border-left-width: 1px !important;padding-top: 10px !important;padding-left: 25px !important;background-color: rgba(239,239,239,0.57) !important;*background-color: rgb(239,239,239) !important;border-left-color: #dddddd !important;border-left-style: solid !important;border-right-color: #dddddd !important;border-right-style: solid !important;border-top-color: #dddddd !important;border-top-style: solid !important;border-bottom-color: #dddddd !important;border-bottom-style: solid !important;border-radius: 4px !important;}\u00bb]<div class=\"latest_post_holder  minimal \"><ul class='post_list'><li class=\"clearfix\" style=\"border-color:#dddddd;\"><div class=\"box_padding_border\"><div class=\"latest_post\" ><div class=\"latest_post_text\"><div class=\"latest_post_title_holder\"><h6 class=\"latest_post_title \" style=\"font-size:19px;\"><a href=\"https:\/\/www.forselec.es\/index.php\/2021\/02\/09\/jefe-a-de-equipo\/\" style = \"color: #b8ba59;\">JEFE\/A DE EQUIPO<\/a><\/h6><\/div><div class=\"post_info_section\" style=\"font-size:14px\"><div class=\"date_holder\">09 Feb 2021 <\/div><\/div><\/div><\/div><\/div><\/li><li class=\"clearfix\" style=\"border-color:#dddddd;\"><div class=\"box_padding_border\"><div class=\"latest_post\" ><div class=\"latest_post_text\"><div class=\"latest_post_title_holder\"><h6 class=\"latest_post_title \" style=\"font-size:19px;\"><a href=\"https:\/\/www.forselec.es\/index.php\/2021\/02\/09\/preparador-a-cnc\/\" style = \"color: #b8ba59;\">PREPARADOR\/A CNC<\/a><\/h6><\/div><div class=\"post_info_section\" style=\"font-size:14px\"><div class=\"date_holder\">09 Feb 2021 <\/div><\/div><\/div><\/div><\/div><\/li><li class=\"clearfix\" style=\"border-color:#dddddd;\"><div class=\"box_padding_border\"><div class=\"latest_post\" ><div class=\"latest_post_text\"><div class=\"latest_post_title_holder\"><h6 class=\"latest_post_title \" style=\"font-size:19px;\"><a href=\"https:\/\/www.forselec.es\/index.php\/2021\/01\/18\/asesor-a-laboral\/\" style = \"color: #b8ba59;\">ASESOR\/A LABORAL<\/a><\/h6><\/div><div class=\"post_info_section\" style=\"font-size:14px\"><div class=\"date_holder\">18 Ene 2021 <\/div><\/div><\/div><\/div><\/div><\/li><\/ul><\/div>[\/vc_column][\/vc_row][vc_row row_type=\u00bbrow\u00bb use_row_as_full_screen_section=\u00bbno\u00bb type=\u00bbgrid\u00bb oblique_section=\u00bbno\u00bb text_align=\u00bbcenter\u00bb triangle_shape=\u00bbno\u00bb padding_top=\u00bb74&#8243; css_animation=\u00bb\u00bb box_shadow_on_row=\u00bbno\u00bb][vc_column][vc_single_image image=\u00bb50643&#8243; img_size=\u00bbfull\u00bb alignment=\u00bbcenter\u00bb edgt_css_animation=\u00bb\u00bb][\/vc_column][\/vc_row][vc_row row_type=\u00bbrow\u00bb use_row_as_full_screen_section=\u00bbno\u00bb type=\u00bbgrid\u00bb anchor=\u00bbdonde\u00bb oblique_section=\u00bbno\u00bb text_align=\u00bbcenter\u00bb triangle_shape=\u00bbno\u00bb padding_top=\u00bb41&#8243; css_animation=\u00bb\u00bb box_shadow_on_row=\u00bbno\u00bb][vc_column][vc_column_text]<\/p>\n<h2 style=\"text-align: center;\">D\u00d3NDE ESTAMOS<\/h2>\n<p>[\/vc_column_text][vc_separator type=\u00bbsmall\u00bb position=\u00bbcenter\u00bb][\/vc_column][\/vc_row][vc_row row_type=\u00bbrow\u00bb use_row_as_full_screen_section=\u00bbno\u00bb type=\u00bbgrid\u00bb oblique_section=\u00bbno\u00bb text_align=\u00bbleft\u00bb triangle_shape=\u00bbno\u00bb padding_top=\u00bb10&#8243; padding_bottom=\u00bb60&#8243; css_animation=\u00bb\u00bb box_shadow_on_row=\u00bbno\u00bb][vc_column width=\u00bb1\/3&#8243;][vc_column_text]<\/p>\n<h3 style=\"text-align: center;\">Vitoria-Gasteiz<\/h3>\n<p>[\/vc_column_text][vc_separator type=\u00bbtransparent\u00bb up=\u00bb7&#8243;][vc_column_text]<\/p>\n<p style=\"text-align: center;\">Badaya, 37<br \/>\n01012 Vitoria-Gasteiz<br \/>\n<strong>Tel<\/strong> 945 154 999<br \/>\n<strong>Mail <\/strong><a href=\"mailto:forselec@forselec.es\">forselec@forselec.es<\/a><\/p>\n<p>[\/vc_column_text][vc_separator type=\u00bbtransparent\u00bb up=\u00bb15&#8243;][\/vc_column][vc_column width=\u00bb1\/3&#8243;][vc_column_text]<\/p>\n<h3 style=\"text-align: center;\">San Sebasti\u00e1n-Donostia<\/h3>\n<p>[\/vc_column_text][vc_separator type=\u00bbtransparent\u00bb up=\u00bb7&#8243;][vc_column_text]<\/p>\n<p style=\"text-align: center;\"><span style=\"color: #000000;\" data-darkreader-inline-color=\"\">Camino Portuetxe, 47 &#8211; 2\u00ba. Of. 25<\/span><br \/>\n<span style=\"color: #000000;\" data-darkreader-inline-color=\"\">20018 San Sebasti\u00e1n-Donostia<\/span><br \/>\n<span style=\"color: #000000;\" data-darkreader-inline-color=\"\"><strong>Tel<\/strong> 943 042 069<\/span><br \/>\n<strong>Mail <\/strong><a href=\"mailto:forselec@forselec.es\">forselec@forselec.es<\/a><\/p>\n<p>[\/vc_column_text][vc_separator type=\u00bbtransparent\u00bb up=\u00bb15&#8243;][\/vc_column][vc_column width=\u00bb1\/3&#8243;][vc_column_text]<\/p>\n<h3 style=\"text-align: center;\">Bilbao-Leioa<\/h3>\n<p>[\/vc_column_text][vc_separator type=\u00bbtransparent\u00bb up=\u00bb7&#8243;][vc_column_text]<\/p>\n<p style=\"text-align: center;\">Calle Estartetxe, 5-1\u00ba Of. 126 (Edificio Ikea)<br \/>\n48940 Leioa<\/p>\n<p style=\"text-align: center;\"><strong>Tel<\/strong> 944 070 380<br \/>\n<strong>Mail <\/strong><a href=\"mailto:forselec@forselec.es\">forselec@forselec.es<\/a><\/p>\n<p>[\/vc_column_text][vc_separator type=\u00bbtransparent\u00bb up=\u00bb15&#8243;][\/vc_column][\/vc_row][vc_row row_type=\u00bbrow\u00bb use_row_as_full_screen_section=\u00bbno\u00bb type=\u00bbgrid\u00bb oblique_section=\u00bbno\u00bb text_align=\u00bbleft\u00bb triangle_shape=\u00bbno\u00bb padding_top=\u00bb10&#8243; padding_bottom=\u00bb60&#8243; css_animation=\u00bb\u00bb box_shadow_on_row=\u00bbno\u00bb][vc_column width=\u00bb1\/3&#8243;][vc_column_text]<\/p>\n<h3 style=\"text-align: center;\">Bilbao-Bilbo<\/h3>\n<p>[\/vc_column_text][vc_separator type=\u00bbtransparent\u00bb up=\u00bb7&#8243;][vc_column_text]<\/p>\n<p style=\"text-align: center;\">Gran Via, 19-21. 2\u00aa Planta<br \/>\n48014 Bilbao-Bilbo<br \/>\n<strong>Mail <\/strong><a href=\"mailto:forselec@forselec.es\">forselec@forselec.es<\/a><\/p>\n<p>[\/vc_column_text][\/vc_column][vc_column width=\u00bb1\/3&#8243;][vc_column_text]<\/p>\n<h3 style=\"text-align: center;\">Logro\u00f1o<\/h3>\n<p>[\/vc_column_text][vc_separator type=\u00bbtransparent\u00bb up=\u00bb7&#8243;][vc_column_text]<\/p>\n<p style=\"text-align: center;\">Gran Via Juan Carlos I, 14, 3\u00ba D<br \/>\n26001 Logro\u00f1o<br \/>\n<strong>Tel<\/strong>\u00a0941 041 091<br \/>\n<strong>Mail <\/strong><a href=\"mailto:forselec@forselec.es\">forselec@forselec.es<\/a><\/p>\n<p>[\/vc_column_text][\/vc_column][vc_column width=\u00bb1\/3&#8243;][vc_column_text]<\/p>\n<h3 style=\"text-align: center;\">Madrid<\/h3>\n<p>[\/vc_column_text][vc_separator type=\u00bbtransparent\u00bb up=\u00bb7&#8243;][vc_column_text]<\/p>\n<p style=\"text-align: center;\">Negocenter Business<br \/>\nAgust\u00edn de Betancourt, 21 &#8211; Oficinas 722-723<br \/>\n28003 \u2013 Madrid<br \/>\n<strong>Tel:<\/strong> 695 628 105<br \/>\n<strong>Mail:<\/strong> <a href=\"mailto:lanakma@lanak.es\">lanakma@lanak.es<\/a><\/p>\n<p>[\/vc_column_text][\/vc_column][\/vc_row][vc_row row_type=\u00bbrow\u00bb use_row_as_full_screen_section=\u00bbno\u00bb type=\u00bbgrid\u00bb anchor=\u00bbcontacto\u00bb oblique_section=\u00bbno\u00bb text_align=\u00bbleft\u00bb triangle_shape=\u00bbyes\u00bb triangle_shape_position=\u00bbtop\u00bb triangle_shape_color=\u00bb#ffffff\u00bb background_image=\u00bb50665&#8243; padding_bottom=\u00bb25&#8243; css_animation=\u00bb\u00bb box_shadow_on_row=\u00bbno\u00bb][vc_column][vc_separator type=\u00bbtransparent\u00bb][vc_column_text]<\/p>\n<h2 style=\"text-align: center;\"><span style=\"color: #ffffff;\" data-darkreader-inline-color=\"\">CONTACTO<\/span><\/h2>\n<p>[\/vc_column_text][vc_separator type=\u00bbtransparent\u00bb][vc_column_text]<\/p>\n<h4 style=\"text-align: center;\"><span style=\"color: #ffffff;\" data-darkreader-inline-color=\"\">ESCR\u00cdBENOS Y TE CONTESTAREMOS A LA MAYOR BREVEDAD<\/span><\/h4>\n<p>[\/vc_column_text][vc_separator type=\u00bbtransparent\u00bb]\n<div class=\"wpcf7 no-js\" id=\"wpcf7-f50648-o1\" lang=\"es-ES\" dir=\"ltr\" data-wpcf7-id=\"50648\">\n<div class=\"screen-reader-response\"><p role=\"status\" aria-live=\"polite\" aria-atomic=\"true\"><\/p> <ul><\/ul><\/div>\n<form action=\"\/index.php\/wp-json\/wp\/v2\/pages\/50838#wpcf7-f50648-o1\" method=\"post\" class=\"wpcf7-form init cf7_custom_style_3\" aria-label=\"Formulario de contacto\" enctype=\"multipart\/form-data\" novalidate=\"novalidate\" data-status=\"init\">\n<fieldset class=\"hidden-fields-container\"><input type=\"hidden\" name=\"_wpcf7\" value=\"50648\" \/><input type=\"hidden\" name=\"_wpcf7_version\" value=\"6.1.5\" \/><input type=\"hidden\" name=\"_wpcf7_locale\" value=\"es_ES\" \/><input type=\"hidden\" name=\"_wpcf7_unit_tag\" value=\"wpcf7-f50648-o1\" \/><input type=\"hidden\" name=\"_wpcf7_container_post\" value=\"0\" \/><input type=\"hidden\" name=\"_wpcf7_posted_data_hash\" value=\"\" \/>\n<\/fieldset>\n<p><span id=\"wpcf7-6a046fca4075a-wrapper\" class=\"wpcf7-form-control-wrap webmailgl-wrap\" style=\"display:none !important; visibility:hidden !important;\"><label for=\"wpcf7-6a046fca4075a-field\" class=\"hp-message\">Por favor, deja este campo vac\u00edo.<\/label><input id=\"wpcf7-6a046fca4075a-field\"  class=\"wpcf7-form-control wpcf7-text\" type=\"text\" name=\"webmailgl\" value=\"\" size=\"40\" tabindex=\"-1\" autocomplete=\"new-password\" \/><\/span>\n<\/p>\n<div class=\"two_columns_50_50 clearfix\">\n\t<div class=\"column1\">\n\t\t<div class=\"column_inner\">\n\t\t\t<p><span class=\"wpcf7-form-control-wrap\" data-name=\"your-name\"><input size=\"40\" maxlength=\"400\" class=\"wpcf7-form-control wpcf7-text wpcf7-validates-as-required\" aria-required=\"true\" aria-invalid=\"false\" placeholder=\"Nombre*\" value=\"\" type=\"text\" name=\"your-name\" \/><\/span>\n\t\t\t<\/p>\n\t\t<\/div>\n\t<\/div>\n\t<div class=\"column2\">\n\t\t<div class=\"column_inner\">\n\t\t\t<p><span class=\"wpcf7-form-control-wrap\" data-name=\"your-email\"><input size=\"40\" maxlength=\"400\" class=\"wpcf7-form-control wpcf7-email wpcf7-validates-as-required wpcf7-text wpcf7-validates-as-email\" aria-required=\"true\" aria-invalid=\"false\" placeholder=\"Correo electr\u00f3nico*\" value=\"\" type=\"email\" name=\"your-email\" \/><\/span>\n\t\t\t<\/p>\n\t\t<\/div>\n\t<\/div>\n<\/div>\n<p><span class=\"wpcf7-form-control-wrap\" data-name=\"message\"><textarea cols=\"40\" rows=\"10\" maxlength=\"2000\" class=\"wpcf7-form-control wpcf7-textarea wpcf7-validates-as-required\" aria-required=\"true\" aria-invalid=\"false\" placeholder=\"Mensaje*\" name=\"message\"><\/textarea><\/span>\n<\/p>\n<p><span class=\"wpcf7-form-control-wrap\" data-name=\"file-155\"><input size=\"40\" class=\"wpcf7-form-control wpcf7-file\" accept=\".pdf,.doc,.docx,.txt\" aria-invalid=\"false\" type=\"file\" name=\"file-155\" \/><\/span>\n<\/p>\n<p><span style=\"color: #ffffff;\"><span class=\"wpcf7-form-control-wrap\" data-name=\"MayordeEdad\"><span class=\"wpcf7-form-control wpcf7-acceptance\"><span class=\"wpcf7-list-item\"><label><input type=\"checkbox\" name=\"MayordeEdad\" value=\"1\" aria-invalid=\"false\" \/><span class=\"wpcf7-list-item-label\">Soy mayor de edad<\/span><\/label><\/span><\/span><\/span><br \/>\n<span class=\"wpcf7-form-control-wrap\" data-name=\"infocomercial\"><span class=\"wpcf7-form-control wpcf7-acceptance optional\"><span class=\"wpcf7-list-item\"><input type=\"checkbox\" name=\"infocomercial\" value=\"1\" aria-invalid=\"false\" \/><\/span><\/span><\/span> Acepto recibir informaci\u00f3n comercial, incluso por correo electr\u00f3nico <br \/>\n<span class=\"wpcf7-form-control-wrap\" data-name=\"aceptoprivacidad\"><span class=\"wpcf7-form-control wpcf7-acceptance\"><span class=\"wpcf7-list-item\"><input type=\"checkbox\" name=\"aceptoprivacidad\" value=\"1\" aria-invalid=\"false\" \/><\/span><\/span><\/span> He le\u00eddo y acepto la <\/span><a href=\"index.php\/politica-de-privacidad\">Pol\u00edtica de Privacidad<\/a>\n<\/p>\n<p><input class=\"wpcf7-form-control wpcf7-submit has-spinner\" type=\"submit\" value=\"ENVIAR\" \/>\n<\/p><p style=\"display: none !important;\" class=\"akismet-fields-container\" data-prefix=\"_wpcf7_ak_\"><label>&#916;<textarea name=\"_wpcf7_ak_hp_textarea\" cols=\"45\" rows=\"8\" maxlength=\"100\"><\/textarea><\/label><input type=\"hidden\" id=\"ak_js_1\" name=\"_wpcf7_ak_js\" value=\"239\"\/><script type=\"text\/javascript\">\n\/* <![CDATA[ *\/\ndocument.getElementById( \"ak_js_1\" ).setAttribute( \"value\", ( new Date() ).getTime() );\n\/* ]]> *\/\n<\/script>\n<\/p><div class=\"wpcf7-response-output\" aria-hidden=\"true\"><\/div>\n<\/form>\n<\/div>\n\r\n\t\t\t\t<script>\r\n\t\t\t\tif ( typeof huOptions !== 'undefined' ) {\r\n\t\t\t\t\tvar huFormData = {\"source\":\"contactform7\",\"id\":50648,\"title\":\"Formulario Forselec\",\"fields\":{\"subject\":{\"first_name\":\"your-name\",\"email\":\"your-email\"},\"preferences\":{\"terms\":\"your-consent\"}}};\r\n\t\t\t\t\tvar huFormNode = document.querySelector( '[id^=\"wpcf7-f50648-\"] form' );\r\n\r\n\t\t\t\t\thuFormData['node'] = huFormNode;\r\n\t\t\t\t\thuOptions['forms'].push( huFormData );\r\n\t\t\t\t}\r\n\t\t\t\t<\/script>[\/vc_column][\/vc_row]<\/p>\n","protected":false},"excerpt":{"rendered":"<p>[vc_row row_type=\u00bbrow\u00bb use_row_as_full_screen_section=\u00bbno\u00bb type=\u00bbgrid\u00bb anchor=\u00bbinicio\u00bb oblique_section=\u00bbno\u00bb text_align=\u00bbcenter\u00bb triangle_shape=\u00bbno\u00bb padding_top=\u00bb73&#8243; css_animation=\u00bb\u00bb box_shadow_on_row=\u00bbno\u00bb][vc_column][vc_column_text] Forselec: Talento para innovar [\/vc_column_text][vc_separator type=\u00bbsmall\u00bb position=\u00bbcenter\u00bb border_style=\u00bbdotted\u00bb up=\u00bb24&#8243;][vc_column_text] La competitividad de las empresas del futuro vendr\u00e1 por la capacidad de disponer de talento para llevar a cabo el proyecto empresarial dise\u00f1ado. Talento e&#8230;<\/p>\n","protected":false},"author":1,"featured_media":0,"parent":0,"menu_order":0,"comment_status":"open","ping_status":"closed","template":"full_width.php","meta":{"footnotes":""},"class_list":["post-50838","page","type-page","status-publish","hentry"],"jetpack_sharing_enabled":true,"_links":{"self":[{"href":"https:\/\/www.forselec.es\/index.php\/wp-json\/wp\/v2\/pages\/50838","targetHints":{"allow":["GET"]}}],"collection":[{"href":"https:\/\/www.forselec.es\/index.php\/wp-json\/wp\/v2\/pages"}],"about":[{"href":"https:\/\/www.forselec.es\/index.php\/wp-json\/wp\/v2\/types\/page"}],"author":[{"embeddable":true,"href":"https:\/\/www.forselec.es\/index.php\/wp-json\/wp\/v2\/users\/1"}],"replies":[{"embeddable":true,"href":"https:\/\/www.forselec.es\/index.php\/wp-json\/wp\/v2\/comments?post=50838"}],"version-history":[{"count":54,"href":"https:\/\/www.forselec.es\/index.php\/wp-json\/wp\/v2\/pages\/50838\/revisions"}],"predecessor-version":[{"id":61262,"href":"https:\/\/www.forselec.es\/index.php\/wp-json\/wp\/v2\/pages\/50838\/revisions\/61262"}],"wp:attachment":[{"href":"https:\/\/www.forselec.es\/index.php\/wp-json\/wp\/v2\/media?parent=50838"}],"curies":[{"name":"wp","href":"https:\/\/api.w.org\/{rel}","templated":true}]}}